{"id":5241,"date":"2016-12-27T08:14:43","date_gmt":"2016-12-27T07:14:43","guid":{"rendered":"https:\/\/www.canimas.eu\/curriculum\/"},"modified":"2025-11-05T13:42:17","modified_gmt":"2025-11-05T12:42:17","slug":"cv-es","status":"publish","type":"page","link":"https:\/\/canimas.eu\/es\/cv-es\/","title":{"rendered":"Curr\u00edculum"},"content":{"rendered":"<div class=\"wpb-content-wrapper\"><p>[vc_row][vc_column width=\u00bb1\/2&#8243; offset=\u00bbvc_col-lg-4 vc_col-md-5&#8243;][vc_single_image image=\u00bb9427&#8243; img_size=\u00bblarge\u00bb css=\u00bb\u00bb][\/vc_column][vc_column width=\u00bb1\/2&#8243; offset=\u00bbvc_col-lg-offset-1 vc_col-lg-7 vc_col-md-7&#8243;][vc_custom_heading text=\u00bbJoan Canimas Brugu\u00e9\u00bb font_container=\u00bbtag:h1|text_align:left\u00bb use_theme_fonts=\u00bbyes\u00bb css=\u00bb.vc_custom_1749725013542{margin-top: 0px !important;margin-right: 20px !important;padding-top: 0px !important;}\u00bb el_class=\u00bbtitol-pagina-pers\u00bb][vc_column_text]<br \/>\nDoctor en filosof\u00eda. M\u00e1ster en bio\u00e9tica y derecho. M\u00e1ster en \u00e9tica aplicada a la acci\u00f3n social. Su actividad profesional se centra en el \u00e1mbito de la \u00e9tica aplicada a la acci\u00f3n social, psico-educativa y sanitaria y en la filosof\u00eda de la educaci\u00f3n.<\/p>\n<p class=\"vc_custom_heading\">Profesor asociado de la Universidad de Girona, en la cual imparte la asignatura\u00a0de \u00e9tica aplicada de los Grados de Educaci\u00f3n Social, Trabajo Social y Pedagog\u00eda y la de filosof\u00eda de la educaci\u00f3n en el Grado de Pedagog\u00eda. Profesor colaborador de la Universidad Oberta de Catalunya, en la cual imparte la asignatura de \u00c9tica aplicada a la Educaci\u00f3n Social. \u00a0Profesor colaborador del M\u00e1ster Universitario en Intervenci\u00f3n Social y del Curso de Experto Universitario en \u00c9tica Aplicada de la Universidad P\u00fablica de Navarra. Codirector del Curso de Experto Universitario en \u00c9tica Aplicada a la Acci\u00f3n Social y Psico-educativa de la Universidad Ramon Llull (Pere Tarr\u00e9s) y del Instituto Borja de Bio\u00e9tica.<\/p>\n<p>Vocal del Comit\u00e9 de \u00c9tica de los Servicios Sociales de Catalunya, del Comit\u00e9 de \u00c9tica Asistencial del Instituto de Asistencia Sanitaria (IAS) y del Comit\u00e9 de \u00c9tica y de la Investigaci\u00f3n y la Bioseguridad de la Universidad de Girona, entre otros.[\/vc_column_text][vc_btn title=\u00bbDESCARGAR EL CV\u00bb style=\u00bboutline-custom\u00bb outline_custom_color=\u00bb#d80044&#8243; outline_custom_hover_background=\u00bb#d80044&#8243; outline_custom_hover_text=\u00bb#ffffff\u00bb shape=\u00bbsquare\u00bb size=\u00bbxs\u00bb css=\u00bb\u00bb link=\u00bbpost_link\u00bb url=\u00bb\u00bb][\/vc_column][\/vc_row]<\/p>\n<\/div>","protected":false},"excerpt":{"rendered":"<p>[vc_row][vc_column width=\u00bb1\/2&#8243; offset=\u00bbvc_col-lg-4 vc_col-md-5&#8243;][vc_single_image image=\u00bb9427&#8243; img_size=\u00bblarge\u00bb css=\u00bb\u00bb][\/vc_column][vc_column width=\u00bb1\/2&#8243; offset=\u00bbvc_col-lg-offset-1 vc_col-lg-7 vc_col-md-7&#8243;][vc_custom_heading text=\u00bbJoan Canimas Brugu\u00e9\u00bb font_container=\u00bbtag:h1|text_align:left\u00bb use_theme_fonts=\u00bbyes\u00bb css=\u00bb.vc_custom_1749725013542{margin-top: 0px !important;margin-right: 20px !important;padding-top: 0px !important;}\u00bb el_class=\u00bbtitol-pagina-pers\u00bb][vc_column_text] Doctor en filosof\u00eda. M\u00e1ster en bio\u00e9tica y derecho. M\u00e1ster en \u00e9tica aplicada a la acci\u00f3n social. Su actividad profesional se centra en el \u00e1mbito de la \u00e9tica aplicada a la acci\u00f3n [&hellip;]<\/p>\n","protected":false},"author":1,"featured_media":0,"parent":0,"menu_order":4,"comment_status":"closed","ping_status":"closed","template":"page-no-title","meta":{"_acf_changed":false,"footnotes":""},"class_list":["post-5241","page","type-page","status-publish","hentry"],"acf":[],"_links":{"self":[{"href":"https:\/\/canimas.eu\/es\/wp-json\/wp\/v2\/pages\/5241","targetHints":{"allow":["GET"]}}],"collection":[{"href":"https:\/\/canimas.eu\/es\/wp-json\/wp\/v2\/pages"}],"about":[{"href":"https:\/\/canimas.eu\/es\/wp-json\/wp\/v2\/types\/page"}],"author":[{"embeddable":true,"href":"https:\/\/canimas.eu\/es\/wp-json\/wp\/v2\/users\/1"}],"replies":[{"embeddable":true,"href":"https:\/\/canimas.eu\/es\/wp-json\/wp\/v2\/comments?post=5241"}],"version-history":[{"count":11,"href":"https:\/\/canimas.eu\/es\/wp-json\/wp\/v2\/pages\/5241\/revisions"}],"predecessor-version":[{"id":9430,"href":"https:\/\/canimas.eu\/es\/wp-json\/wp\/v2\/pages\/5241\/revisions\/9430"}],"wp:attachment":[{"href":"https:\/\/canimas.eu\/es\/wp-json\/wp\/v2\/media?parent=5241"}],"curies":[{"name":"wp","href":"https:\/\/api.w.org\/{rel}","templated":true}]}}