{"id":5256,"date":"2017-05-15T09:49:52","date_gmt":"2017-05-15T07:49:52","guid":{"rendered":"https:\/\/www.canimas.eu\/agenda\/"},"modified":"2025-07-16T16:09:24","modified_gmt":"2025-07-16T14:09:24","slug":"agenda-es","status":"publish","type":"page","link":"https:\/\/canimas.eu\/es\/agenda-es\/","title":{"rendered":"AGENDA"},"content":{"rendered":"<div class=\"wpb-content-wrapper\"><p>[vc_row][vc_column css=\u00bb.vc_custom_1749725269847{margin-top: 0px !important;margin-bottom: 0px !important;padding-top: 0px !important;}\u00bb][\/vc_column][\/vc_row][vc_row css=\u00bb.vc_custom_1537472762009{margin-top: 0px !important;margin-right: 0px !important;margin-left: 0px !important;}\u00bb][vc_column offset=\u00bbvc_col-lg-12 vc_col-md-12 vc_col-xs-12&#8243; css=\u00bb.vc_custom_1537472840241{margin-top: 0px !important;}\u00bb][vc_column_text]<div id='evcal_calendar_713' class='ajde_evcal_calendar  ul' ><div class='evo-data' data-cyear=\"2026\" data-cmonth=\"4\" data-runajax=\"1\" data-evc_open=\"0\" data-cal_ver=\"2.5.4\" data-mapscroll=\"true\" data-mapformat=\"roadmap\" data-mapzoom=\"18\" data-mapiconurl=\"\" data-ev_cnt=\"0\" data-show_limit=\"no\" data-tiles=\"no\" data-sort_by=\"sort_date\" data-filters_on=\"false\" data-range_start=\"0\" data-range_end=\"0\" data-send_unix=\"0\" data-ux_val=\"0\" data-accord=\"0\" data-rtl=\"no\"  ><\/div><div id='evcal_head' class='calendar_header ' ><div class='evo_cal_above'><span class='evo-gototoday-btn' style='display:none' data-mo='4' data-yr='2026' data-dy=''>Mes actual<\/span><\/div><div class='evo_cal_above_content'><\/div><div class='cal_arguments' style='display:none' data-hide_past=\"no\" data-show_et_ft_img=\"no\" data-event_order=\"ASC\" data-ft_event_priority=\"no\" data-lang=\"L2\" data-month_incre=\"0\" data-only_ft=\"no\" data-evc_open=\"no\" data-show_limit=\"no\" data-etc_override=\"no\" data-show_limit_redir=\"0\" data-tiles=\"no\" data-tile_height=\"0\" data-tile_bg=\"0\" data-tile_count=\"2\" data-tile_style=\"0\" data-s=\"\" data-members_only=\"no\" data-ux_val=\"0\" data-show_limit_ajax=\"no\" data-show_limit_paged=\"1\" ><\/div><div class='clear'><\/div><\/div><div class='evcal_month_line'><p>abril 2026<\/p><\/div><div id='evcal_list' class='evcal_list_month eventon_events_list '><div id=\"event_9770\" class=\"eventon_list_event past_event event\" data-event_id=\"9770\" data-time=\"1776513600-1776520800\" data-colr=\"#505052\" itemscope itemtype='http:\/\/schema.org\/Event' 1><div class=\"evo_event_schema\" style=\"display:none\" ><a itemprop='url'  href='https:\/\/canimas.eu\/es\/events\/dignitat-cures-i-drets-en-un-mon-del-treball-que-exclou-joan-canimas-i-marina-montserrat\/&quest;l&equals;L2&amp;'><\/a><span itemprop='name'  >Dignitat, cures i drets en un m\u00f3n del treball que exclou - Joan\u00a0Canimas\u00a0i Marina Montserrat\u00a0<\/span><meta itemprop='image'  ><\/meta><meta itemprop='description' content='\r\n\r\nEsta \u00e9s una conferencia que, a partir de unas acciones de microteatro, quiere acercarsese al concepto del trabajo desde\u00a0 una mirada \u00e9tica, social y filos\u00f3fica. Con especial \u00e9mfasis en' ><\/meta><meta itemprop='startDate' content='2026-4-18' ><\/meta><meta itemprop='endDate' content='2026-4-18' ><\/meta><meta itemprop='eventStatus' content='on-schedule' ><\/meta><script type=\"application\/ld+json\">{\t\"@context\": \"http:\/\/schema.org\",\r\n\t\t\t\t\t\t\t  \t\"@type\": \"Event\",\r\n\t\t\t\t\t\t\t  \t\"name\": \"Dignitat, cures i drets en un m\u00f3n del treball que exclou - Joan\u00a0Canimas\u00a0i Marina Montserrat\u00a0\",\r\n\t\t\t\t\t\t\t  \t\"startDate\": \"2026-4-18T12-12-00-00\",\r\n\t\t\t\t\t\t\t  \t\"endDate\": \"2026-4-18T14-14-00-00\",\r\n\t\t\t\t\t\t\t  \t\"image\":,\r\n\t\t\t\t\t\t\t  \t\"description\":\"\r\n\r\nEsta \u00e9s una conferencia que, a partir de unas acciones de microteatro, quiere acercarsese al concepto del trabajo desde\u00a0 una mirada \u00e9tica, social y filos\u00f3fica. Con especial \u00e9mfasis en\",\r\n\t\t\t\t\t\t\t  \t\r\n\t\t\t\t\t\t\t }\r\n\t\t\t\t\t\t\t<\/script><\/div>\r\n\t\t\t\t<p class=\"desc_trig_outter\"><a data-gmap_status=\"null\" data-exlk=\"0\" style=\"border-color: #505052;\" id=\"evc_17765136009770\" class=\"desc_trig sin_val evcal_list_a\" data-ux_val=\"1\" ><span class='evcal_cblock ' data-bgcolor='#505052' data-smon='abril' data-syr='2026'><em class='evo_date' ><span class=\"start\">18<em>abr<\/em><\/span><\/em><em class='evo_time' ><span class='start'>12:00<\/span><span class='end'>- 14:00<\/span><\/em><em class='clear'><\/em><\/span><span class='evcal_desc evo_info hide_eventtopdata '  data-location_status=\"false\" ><span class='evo_above_title'><\/span><span class='evcal_desc2 evcal_event_title' itemprop='name'>Dignitat, cures i drets en un m\u00f3n del treball que exclou - Joan\u00a0Canimas\u00a0i Marina Montserrat\u00a0<\/span><span class='evo_below_title'><\/span><span class='evcal_desc_info' ><\/span><span class='evcal_desc3'><\/span><\/span><em class='clear'><\/em><\/p><\/a><div class='event_description evcal_eventcard ' style=\"display:none\"><div class='evo_metarow_details evorow evcal_evdata_row bordb evcal_event_details'>\r\n\t\t\t\t\t\t\t<div class=\"event_excerpt\" style=\"display:none\"><h3 class=\"padb5 evo_h3\">Detalles del evento<\/h3><p>\r\n\r\nEsta \u00e9s una conferencia que, a partir de unas acciones de microteatro, quiere acercarsese al concepto del trabajo desde\u00a0 una mirada \u00e9tica, social y filos\u00f3fica. Con especial \u00e9mfasis en<\/p><\/div><span class='evcal_evdata_icons'><i class='fa fa-align-justify'><\/i><\/span>\r\n\t\t\t\t\t\t\t\r\n\t\t\t\t\t\t\t<div class='evcal_evdata_cell shorter_desc'><div class='eventon_details_shading_bot'>\r\n\t\t\t\t\t\t\t\t<p class='eventon_shad_p' content='less'><span class='ev_more_text' data-txt='Menos'>M\u00e1s<\/span><span class='ev_more_arrow'><\/span><\/p>\r\n\t\t\t\t\t\t\t<\/div><div class='eventon_full_description'>\r\n\t\t\t\t\t\t\t\t\t<h3 class='padb5 evo_h3'><span class='evcal_evdata_icons'><i class='fa fa-align-justify'><\/i><\/span>Detalles del evento<\/h3><div class='eventon_desc_in' itemprop='description'>\r\n\t\t\t\t\t\t\t\t\t<div class=\"text\">\n<p>Esta \u00e9s una conferencia que, a partir de unas acciones de microteatro, quiere acercarsese al concepto del trabajo desde\u00a0 una mirada \u00e9tica, social y filos\u00f3fica. Con especial \u00e9mfasis en las desigualdades estructurales en el acceso al mercado laboral y a las condiciones de precariedad que afectan determinados colectivos,\u202fanaliza situaciones habituales en el \u00e1mbito de la atenci\u00f3n social, subrallando el papel del trabajo como elemento clave en la construcci\u00f3n de la identidad y la dignidad personal, as\u00ed como los retos que plantean los contextos de exclusi\u00f3n laboral.<\/p>\n<p>La lectura teatralizada ir\u00e1 a cargo de Grup de teatre Attrezzo, de Vilafranca del Pened\u00e8s.<\/p>\n<p>Organiza: Comit\u00e8 d&#8217;\u00e8tica de Serveis Socials de l&#8217;Alt Pened\u00e8s (Ajuntament de Vilafranca del Pened\u00e8s i\u202fConsell Comarcal de l&#8217;Alt Pened\u00e8s).<\/p>\n<p>Plazas limitadas. Imprescindible hacer reserva pr\u00e9via en <a href=\"http:\/\/entrades.vinseum.cat\/\"><span data-contrast=\"none\">entrades.vinseum.cat<\/span><\/a><\/p>\n<p>&nbsp;<\/p>\n<\/div>\n<\/div><div class='clear'><\/div>\r\n\t\t\t\t\t\t\t\t<\/div>\r\n\t\t\t\t\t\t\t<\/div>\r\n\t\t\t\t\t\t<\/div><div class='evo_metarow_time_location evorow bordb '>\r\n\t\t\t\t\t\t<div class='tb' >\r\n\t\t\t\t\t\t\t<div class='tbrow'>\r\n\t\t\t\t\t\t\t<div class='evcal_col50 bordr'>\r\n\t\t\t\t\t\t\t\t<div class='evcal_evdata_row evo_time'>\r\n\t\t\t\t\t\t\t\t\t<span class='evcal_evdata_icons'><i class='fa fa-clock-o'><\/i><\/span>\r\n\t\t\t\t\t\t\t\t\t<div class='evcal_evdata_cell'>\t\t\t\t\t\t\t\r\n\t\t\t\t\t\t\t\t\t\t<h3 class='evo_h3'><span class='evcal_evdata_icons'><i class='fa fa-clock-o'><\/i><\/span>Hora<\/h3><p>(S\u00e1bado) 12:00 - 14:00<\/p>\r\n\t\t\t\t\t\t\t\t\t<\/div>\r\n\t\t\t\t\t\t\t\t<\/div>\r\n\t\t\t\t\t\t\t<\/div><div class='evcal_col50'>\r\n\t\t\t\t\t\t\t\t<div class='evcal_evdata_row evo_location'>\r\n\t\t\t\t\t\t\t\t\t<span class='evcal_evdata_icons'><i class='fa fa-map-marker'><\/i><\/span>\r\n\t\t\t\t\t\t\t\t\t<div class='evcal_evdata_cell' data-loc_tax_id='685'>\t\t\t\t\t\t\t\r\n\t\t\t\t\t\t\t\t\t\t<h3 class='evo_h3'><span class='evcal_evdata_icons'><i class='fa fa-map-marker'><\/i><\/span>Localizaci\u00f3n<\/h3><p class='evo_location_name'>Auditori del VINSEUM<\/p><p><\/p>\r\n\t\t\t\t\t\t\t\t\t<\/div>\r\n\t\t\t\t\t\t\t\t<\/div>\r\n\t\t\t\t\t\t\t<\/div><div class='clear'><\/div>\r\n\t\t\t\t\t\t\t<\/div><\/div>\r\n\t\t\t\t\t\t<\/div><div class='evo_metarow_organizer evorow evcal_evdata_row bordb evcal_evrow_sm '>\r\n\t\t\t\t\t\t\t<span class='evcal_evdata_icons'><i class='fa fa-user'><\/i><\/span>\r\n\t\t\t\t\t\t\t<div class='evcal_evdata_cell'>\t\t\t\t\t\t\t\r\n\t\t\t\t\t\t\t\t<h3 class='evo_h3'>Organitzador<\/h3>\r\n\t\t\t\t\t\t\t\t\r\n\t\t\t\t\t\t\t\t<div class='evo_card_organizer'><p class='evo_data_val evo_card_organizer_name'>\r\n\t\t\t\t\t\t\t\t\t<span class='evo_card_organizer_name_t'>Comit\u00e8 d&#039;\u00e8tica de Serveis Socials de l&#039;Alt Pened\u00e8s<\/span>\r\n\t\t\t\t\t\t\t\t\t\r\n\t\t\t\t\t\t\t\t\t<\/p><\/div><div class='clear'><\/div>\t\t\t\t\t\t\t\r\n\t\t\t\t\t\t\t<\/div>\r\n\t\t\t\t\t\t<\/div>\t\t\t\t\t\t<div class='evo_metarow_ICS evorow bordb evcal_evdata_row'>\r\n\t\t\t\t\t\t\t<span class=\"evcal_evdata_icons\"><i class=\"fa fa-calendar\"><\/i><\/span>\r\n\t\t\t\t\t\t\t<div class='evcal_evdata_cell'>\r\n\t\t\t\t\t\t\t\t<p><a href='https:\/\/canimas.eu\/wp-admin\/admin-ajax.php?action=eventon_ics_download&amp;event_id=9770&amp;sunix=20260418T100000Z&amp;eunix=20260418T120000Z&amp;loca=&amp;locn=Auditori del VINSEUM' class='evo_ics_nCal' title='Add to your calendar'>Calendario<\/a><a href='\/\/www.google.com\/calendar\/event?action=TEMPLATE&amp;text=Dignitat%2C+cures+i+drets+en+un+m%C3%B3n+del+treball+que+exclou+-+Joan%C2%A0Canimas%C2%A0i+Marina+Montserrat%C2%A0&amp;dates=20260418T100000Z\/20260418T120000Z&amp;details=%0D%0A%0D%0AEsta+%C3%A9s+una+conferencia+que%2C+a+partir+de+unas+acciones+de+microteatro%2C+quiere+acercarsese+al+concepto+del+trabajo+desde%C2%A0+una+mirada+%C3%A9tica%2C+social+y+filos%C3%B3fica.+Con+especial+%C3%A9mfasis+en&amp;location=Auditori+del+VINSEUM - ' target='_blank' class='evo_ics_gCal' title='Add to google calendar'>GoogleCal<\/a><\/p>\t\r\n\t\t\t\t\t\t\t<\/div>\t\t\t\t\t\t<\/div>\r\n\t\t\t\t\t\t<\/div><div class='clear end'><\/div><\/div><\/div><div class='clear'><\/div><\/div><!-- ajde_evcal_calendar-->[\/vc_column_text][\/vc_column][\/vc_row]<\/p>\n<\/div>","protected":false},"excerpt":{"rendered":"<p>[vc_row][vc_column css=\u00bb.vc_custom_1749725269847{margin-top: 0px !important;margin-bottom: 0px !important;padding-top: 0px !important;}\u00bb][\/vc_column][\/vc_row][vc_row css=\u00bb.vc_custom_1537472762009{margin-top: 0px !important;margin-right: 0px !important;margin-left: 0px !important;}\u00bb][vc_column offset=\u00bbvc_col-lg-12 vc_col-md-12 vc_col-xs-12&#8243; css=\u00bb.vc_custom_1537472840241{margin-top: 0px !important;}\u00bb][vc_column_text][\/vc_column_text][\/vc_column][\/vc_row]<\/p>\n","protected":false},"author":1,"featured_media":0,"parent":0,"menu_order":5,"comment_status":"closed","ping_status":"closed","template":"","meta":{"_acf_changed":false,"footnotes":""},"class_list":["post-5256","page","type-page","status-publish","hentry"],"acf":[],"_links":{"self":[{"href":"https:\/\/canimas.eu\/es\/wp-json\/wp\/v2\/pages\/5256","targetHints":{"allow":["GET"]}}],"collection":[{"href":"https:\/\/canimas.eu\/es\/wp-json\/wp\/v2\/pages"}],"about":[{"href":"https:\/\/canimas.eu\/es\/wp-json\/wp\/v2\/types\/page"}],"author":[{"embeddable":true,"href":"https:\/\/canimas.eu\/es\/wp-json\/wp\/v2\/users\/1"}],"replies":[{"embeddable":true,"href":"https:\/\/canimas.eu\/es\/wp-json\/wp\/v2\/comments?post=5256"}],"version-history":[{"count":3,"href":"https:\/\/canimas.eu\/es\/wp-json\/wp\/v2\/pages\/5256\/revisions"}],"predecessor-version":[{"id":9181,"href":"https:\/\/canimas.eu\/es\/wp-json\/wp\/v2\/pages\/5256\/revisions\/9181"}],"wp:attachment":[{"href":"https:\/\/canimas.eu\/es\/wp-json\/wp\/v2\/media?parent=5256"}],"curies":[{"name":"wp","href":"https:\/\/api.w.org\/{rel}","templated":true}]}}