{"id":6648,"date":"2022-06-27T17:27:35","date_gmt":"2022-06-27T15:27:35","guid":{"rendered":"https:\/\/www.canimas.eu\/politica-de-cookies-es\/"},"modified":"2025-06-26T19:33:49","modified_gmt":"2025-06-26T17:33:49","slug":"politica-de-cookies-es","status":"publish","type":"page","link":"https:\/\/canimas.eu\/es\/politica-de-cookies-es\/","title":{"rendered":"Pol\u00edtica de cookies"},"content":{"rendered":"<div class=\"wpb-content-wrapper\"><p>[vc_row][vc_column][vc_custom_heading source=\u00bbpost_title\u00bb font_container=\u00bbtag:h1|text_align:left\u00bb use_theme_fonts=\u00bbyes\u00bb css=\u00bb.vc_custom_1536050486252{margin-top: 0px !important;margin-right: 20px !important;padding-top: 0px !important;}\u00bb el_class=\u00bbtitol-pagina-pers\u00bb][\/vc_column][\/vc_row][vc_row][vc_column el_class=\u00bbtext-legal-canimas\u00bb][vc_column_text]Esta pol\u00edtica de cookies tiene por finalidad informar de manera clara y precisa sobre las cookies que se utilizan en nuestra web.<\/p>\n<p>Utilizamos cookies propias y de terceros para mejorar nuestros servicios, personalizar nuestro sitio web, facilitar la navegaci\u00f3n de nuestros usuarios, proporcionarle una mejor experiencia en el uso del sitio web, identificar problemas para mejorar el mismo, hacer mediciones y estad\u00edsticas de uso y mostrarle publicidad relacionada con sus preferencias mediante el an\u00e1lisis del uso del sitio web.<\/p>\n<p>Lo informamos que podemos utilizar cookies en su equipo a condici\u00f3n de que el usuario haya dado su consentimiento, excepto en los supuestos en los cuales las cookies sean necesarias para la navegaci\u00f3n por nuestro sitio web. En caso de que preste su consentimiento, podremos utilizar cookies que nos permitir\u00e1n tener m\u00e1s informaci\u00f3n sobre sus preferencias y personalizar nuestro sitio web en conformidad con sus intereses individuales.<\/p>\n<h2>\u00bfQu\u00e9 son las cookies?<\/h2>\n<p>Las <em>cookies<\/em> y otras tecnolog\u00edas similares como por ejemplo local shared objects, flash <em>cookies<\/em> o p\u00edxeles, son herramientas empleadas por los servidores Web para almacenar y recuperar informaci\u00f3n sobre sus visitantes, as\u00ed como para ofrecer un correcto funcionamiento del lugar.<\/p>\n<h2>Tipo de cookies<\/h2>\n<p>Tipos de cookies en funci\u00f3n de la entidad que las gestione:<\/p>\n<ul>\n<li><strong>Cookies propias:<\/strong> son aquellas que se env\u00edan al equipo terminal del usuario desde un equipo o dominio gestionado por el titular de la p\u00e1gina web y desde la cual se presta el servicio solicitado por el usuario.<\/li>\n<li><strong>Cookies de terceros:<\/strong> son aquellas que se env\u00edan al equipo terminal del usuario desde un equipo o dominio que no es gestionado por el titular de la p\u00e1gina web desde la cual se presta el servicio solicitado por el usuario, sino por otra entidad que trata los datos obtenidos trabara de las cookies. As\u00ed mismo, en el supuesto de que las cookies sean instaladas desde un equipo o dominio gestionado por el propio titular del sitio web pero la informaci\u00f3n que se recoja mediante estas sea gestionada por un tercero, tambi\u00e9n ser\u00e1n consideradas como cookies de terceros.<\/li>\n<\/ul>\n<p>Tipo de cookies seg\u00fan la finalidad:<\/p>\n<ul>\n<li><strong>Cookies t\u00e9cnicas:<\/strong> son aquellas que permiten al usuario la navegaci\u00f3n a trav\u00e9s de una p\u00e1gina web, plataforma o aplicaci\u00f3n y la utilizaci\u00f3n de las diferentes opciones o servicios que en ella existan, incluyendo aquellas que el editor utiliza para permitir la gesti\u00f3n y operativa de la p\u00e1gina web y habilitar sus funciones y servicios, como, por ejemplo, controlar el tr\u00e1fico y la comunicaci\u00f3n de datos, identificar la sesi\u00f3n, acceder a partes de acceso restringido, recordar los elementos que integran un pedido, realizar el proceso de compra de un pedido, gestionar el pago, controlar el fraude vinculado a la seguridad del servicio, realizar la solicitud de inscripci\u00f3n o participaci\u00f3n en un acontecimiento, contar visitas a efectos de la facturaci\u00f3n de licencias del software con el cual funciona el servicio (sitio web, plataforma o aplicaci\u00f3n), utilizar elementos de seguridad durante la navegaci\u00f3n, almacenar contenidos para la difusi\u00f3n de videos o sonido, habilitar contenidos din\u00e1micos (por ejemplo, animaci\u00f3n de carga de un texto o imagen) o compartir contenidos a trav\u00e9s de redes sociales.Tambi\u00e9n pertenecen a esta categor\u00eda, por su naturaleza t\u00e9cnica, aquellas cookies que permiten la gesti\u00f3n, de la forma m\u00e1s eficaz posible, de los espacios publicitarios que, como un elemento m\u00e1s de dise\u00f1o o \u201cmaquetaci\u00f3n\u201d del servicio ofrecido al usuario, el editor haya incluido en una p\u00e1gina web, aplicaci\u00f3n o plataforma en base a criterios como el contenido editado, sin que se recopile informaci\u00f3n de los usuarios con fines diferentes, como puede ser personalizar este contenido publicitario u otros contenidos.<\/li>\n<li><strong>Cookies de preferencias o personalizaci\u00f3n:<\/strong> son aquellas que permiten recordar informaci\u00f3n para que el usuario acceda al servicio con determinadas caracter\u00edsticas que pueden diferenciar su experiencia de la otros usuarios, como, por ejemplo, el idioma, el n\u00famero de resultados a mostrar cuando el usuario realiza una busca, el aspecto o contenido del servicio en funci\u00f3n del tipo de navegador a trav\u00e9s del cual el usuario accede al servicio o de la regi\u00f3n desde la cual accede al servicio, etc.<\/li>\n<li><strong>Cookies de an\u00e1lisis o medici\u00f3n:<\/strong> son aquellas que permiten al responsable de las mismas el seguimiento y an\u00e1lisis del comportamiento de los usuarios de los sitios web a los cuales est\u00e1n vinculadas, incluida la cuantificaci\u00f3n de los impactos de los anuncios. La informaci\u00f3n recogida mediante este tipo de cookies se utiliza en la medici\u00f3n de la actividad de los sitios web, aplicaci\u00f3n o plataforma, con el fin de introducir mejoras en funci\u00f3n del an\u00e1lisis de los datos de uso que hacen los usuarios del servicio.<\/li>\n<li><strong>Cookies de publicidad comportamental:<\/strong> son aquellas que permiten la gesti\u00f3n, de la forma m\u00e1s eficaz posible, de los espacios publicitarios que hay en la p\u00e1gina web. Estas cookies almacenan informaci\u00f3n del comportamiento de los usuarios obtenida a trav\u00e9s de la observaci\u00f3n continuada de sus h\u00e1bitos de navegaci\u00f3n, lo cual permite desarrollar un perfil espec\u00edfico para mostrar publicidad en funci\u00f3n de este.<\/li>\n<li><strong>Cookies de geolocalizaci\u00f3n:<\/strong> se utilizan para saber en qu\u00e9 lugar se encuentra un usuario cuando solicita un servicio. Esta cookie es an\u00f3nima y se usa por ejemplo para ofrecerle la informaci\u00f3n adecuada dependiente del pa\u00eds en el cual se encuentre.<\/li>\n<\/ul>\n<p>Tipo de Cookies seg\u00fan plazo de tiempo que permanecen activadas:<\/p>\n<ul>\n<li><strong>Cookies de sesi\u00f3n:<\/strong> son aquellas dise\u00f1adas para recaudar y almacenar datos mientras el usuario accede en una p\u00e1gina web. Se suelen emplear para almacenar informaci\u00f3n que solo interesa conservar para la prestaci\u00f3n del servicio solicitado por el usuario en una sola ocasi\u00f3n (por ejemplo, una lista de productos adquiridos) y desaparecen al acabar la sesi\u00f3n.<\/li>\n<li><strong>Cookies persistentes:<\/strong> son aquellas en las cuales los datos siguen almacenados en el terminal y pueden ser accedidos y tratados durante un periodo definido por el responsable de la cookie, y que puede ir de unos minutos en varios a\u00f1os.<\/li>\n<\/ul>\n<p><\/p>\n<h2>COOKIES UTILIZADAS EN NUESTRA WEB<\/h2>\n<p><\/p>\n<h3>Cookies t\u00e9cnicas:<\/h3>\n<p><\/p>\n<table width=\"100%\">\n<thead>\n<tr>\n<th>Denominaci\u00f3n<\/th>\n<th>Titular<\/th>\n<th>Durada<\/th>\n<th>Finalidad<\/th>\n<\/tr>\n<\/thead>\n<tbody>\n<tr>\n<td>wp-wpml_current_language<\/td>\n<td>WPML<\/td>\n<td>sesi\u00f3n<\/td>\n<td>Se usa para mostrar el contenido con el idioma seleccionado por el usuario.<\/td>\n<\/tr>\n<tr>\n<td>moove_gdpr_popup<\/td>\n<td>GDPR Cookie Compliance<\/td>\n<td>1 a\u00f1o<\/td>\n<td>Se usa para guardar los ajustes de cookies configurados por el usuario.<\/td>\n<\/tr>\n<\/tbody>\n<\/table>\n<p>&nbsp;<\/p>\n<h3>Cookies de an\u00e1lisis o medici\u00f3n:<\/h3>\n<p><\/p>\n<table width=\"100%\">\n<thead>\n<tr>\n<th>Denominaci\u00f3n<\/th>\n<th>Titular<\/th>\n<th>Durada<\/th>\n<th>Finalidad<\/th>\n<\/tr>\n<\/thead>\n<tbody>\n<tr>\n<td>_ga<\/td>\n<td>Google Analytics<\/td>\n<td>2 a\u00f1os<\/td>\n<td>Se usa para distinguir a los usuarios.<\/td>\n<\/tr>\n<tr>\n<td>_<wbr \/>gid<\/td>\n<td>Google Analytics<\/td>\n<td>24 horas<\/td>\n<td>Se usa para distinguir a los usuarios.<\/td>\n<\/tr>\n<tr>\n<td>_<wbr \/>gat<\/td>\n<td>Google Analytics<\/td>\n<td>1 minuto<\/td>\n<td>Se usa para limitar el porcentaje de solicitudes.<\/td>\n<\/tr>\n<\/tbody>\n<\/table>\n<p><\/p>\n<h2>C\u00d3MO SE DESHABILITAN LAS COOKIES EN LOS NAVEGADORES?<\/h2>\n<p>El usuario puede, en cualquier momento, permitir, bloquear o eliminar las cookies instaladas en su equipo mediante la modificaci\u00f3n de los par\u00e1metros de configuraci\u00f3n del navegador instalado en su ordenador:<\/p>\n<ul>\n<li><strong>Chrome<\/strong> Configuraci\u00f3n -&gt; Mostrar opciones avanzadas -&gt; Privacidad -&gt; Configuraci\u00f3n del contenido. Para mayor informaci\u00f3n, puede consultar el apoyo de Google o la Ayuda del navegador.<\/li>\n<li><strong>Explorer<\/strong> Herramientas -&gt; Opciones de Internet -&gt; Privacidad -&gt; Configuraci\u00f3n. Para mayor informaci\u00f3n, puede consultar el apoyo de Microsoft o la Ayuda del navegador.<\/li>\n<li><strong>Firefox:<\/strong> Herramientas -&gt;Opciones -&gt; Privacidad -&gt; Historial -&gt; Configuraci\u00f3n Personalizada. Para mayor informaci\u00f3n, puede consultar el apoyo de Mozilla o la Ayuda del navegador.<\/li>\n<li><strong>Safari<\/strong> Preferencias -&gt; Seguridad. Para mayor informaci\u00f3n, puede consultar el apoyo de Apple o la Ayuda del navegador.<\/li>\n<\/ul>\n<p>La desactivaci\u00f3n de las cookies no impide la navegaci\u00f3n por el sitio web, aunque el uso de algunos de sus servicios podr\u00e1 ser limitado y, por lo tanto, su experiencia de navegaci\u00f3n podr\u00e1 ser menos satisfactoria.<\/p>\n<h2>Retirar el consentimiento<\/h2>\n<p>El usuario podr\u00e1 retirar en cualquier momento su consentimiento relacionado con la Pol\u00edtica de Cookies, y podr\u00e1 eliminar las cookies almacenadas en su equipo a trav\u00e9s de los ajustes y configuraciones de su navegador de Internet, indicados anteriormente, as\u00ed como accediendo a nuestro panel de configuraci\u00f3n:<\/p>\n<a role='button' tabindex='0' class=\"medium cli-plugin-button cli-plugin-main-button cli_settings_button\">Configurar Cookies<\/a>\n<p>La presente Pol\u00edtica de Cookies se podr\u00e1 modificar cuando as\u00ed lo exija la legislaci\u00f3n vigente en cada momento o cuando hubiera alguna variaci\u00f3n en el tipo de cookies utilizadas en el sitio web. Por eso, le recomendamos revisar esta pol\u00edtica cada vez que acceda a nuestro sitio web con el objetivo de estar adecuadamente informado sobre c\u00f3mo y para que usamos las cookies.[\/vc_column_text][\/vc_column][\/vc_row]<\/p>\n<\/div>","protected":false},"excerpt":{"rendered":"<p>[vc_row][vc_column][vc_custom_heading source=\u00bbpost_title\u00bb font_container=\u00bbtag:h1|text_align:left\u00bb use_theme_fonts=\u00bbyes\u00bb css=\u00bb.vc_custom_1536050486252{margin-top: 0px !important;margin-right: 20px !important;padding-top: 0px !important;}\u00bb el_class=\u00bbtitol-pagina-pers\u00bb][\/vc_column][\/vc_row][vc_row][vc_column el_class=\u00bbtext-legal-canimas\u00bb][vc_column_text]Esta pol\u00edtica de cookies tiene por finalidad informar de manera clara y precisa sobre las cookies que se utilizan en nuestra web. Utilizamos cookies propias y de terceros para mejorar nuestros servicios, personalizar nuestro sitio web, facilitar la navegaci\u00f3n de nuestros usuarios, proporcionarle [&hellip;]<\/p>\n","protected":false},"author":1,"featured_media":0,"parent":0,"menu_order":90,"comment_status":"closed","ping_status":"closed","template":"page-no-title","meta":{"_acf_changed":false,"footnotes":""},"class_list":["post-6648","page","type-page","status-publish","hentry"],"acf":[],"_links":{"self":[{"href":"https:\/\/canimas.eu\/es\/wp-json\/wp\/v2\/pages\/6648","targetHints":{"allow":["GET"]}}],"collection":[{"href":"https:\/\/canimas.eu\/es\/wp-json\/wp\/v2\/pages"}],"about":[{"href":"https:\/\/canimas.eu\/es\/wp-json\/wp\/v2\/types\/page"}],"author":[{"embeddable":true,"href":"https:\/\/canimas.eu\/es\/wp-json\/wp\/v2\/users\/1"}],"replies":[{"embeddable":true,"href":"https:\/\/canimas.eu\/es\/wp-json\/wp\/v2\/comments?post=6648"}],"version-history":[{"count":0,"href":"https:\/\/canimas.eu\/es\/wp-json\/wp\/v2\/pages\/6648\/revisions"}],"wp:attachment":[{"href":"https:\/\/canimas.eu\/es\/wp-json\/wp\/v2\/media?parent=6648"}],"curies":[{"name":"wp","href":"https:\/\/api.w.org\/{rel}","templated":true}]}}